{"id":126,"date":"2022-04-12T09:37:26","date_gmt":"2022-04-12T08:37:26","guid":{"rendered":"https:\/\/inptic.edu.dz\/?page_id=126"},"modified":"2026-01-04T11:07:50","modified_gmt":"2026-01-04T10:07:50","slug":"mot-de-la-directrice","status":"publish","type":"page","link":"https:\/\/inptic.edu.dz\/?page_id=126","title":{"rendered":"Mot de directeur"},"content":{"rendered":"\n<figure class=\"wp-block-image size-large is-resized\"><img loading=\"lazy\" src=\"https:\/\/inptic.edu.dz\/wp-content\/uploads\/2025\/12\/1000087371-1-1-768x1024.jpg\" alt=\"\" class=\"wp-image-2510\" width=\"144\" height=\"193\" srcset=\"https:\/\/inptic.edu.dz\/wp-content\/uploads\/2025\/12\/1000087371-1-1-768x1024.jpg 768w, https:\/\/inptic.edu.dz\/wp-content\/uploads\/2025\/12\/1000087371-1-1-225x300.jpg 225w, https:\/\/inptic.edu.dz\/wp-content\/uploads\/2025\/12\/1000087371-1-1-1152x1536.jpg 1152w, https:\/\/inptic.edu.dz\/wp-content\/uploads\/2025\/12\/1000087371-1-1-1536x2048.jpg 1536w, https:\/\/inptic.edu.dz\/wp-content\/uploads\/2025\/12\/1000087371-1-1-scaled.jpg 1920w\" sizes=\"(max-width: 144px) 100vw, 144px\" \/><\/figure>\n\n\n\n<h2 dir=\"rtl\" lang=\"ar\" style=\"text-align: right;\n           color: #0057A4;\n           font-family: 'Sakkal Majalla', 'Traditional Arabic', Arial, sans-serif;\n           font-size: 35px;\n           font-weight: bold;\n           margin-bottom: 15px;\">\n\u0643\u0644\u0645\u0629 \u0627\u0644\u0645\u062f\u064a\u0631\n<\/h2>\n\n\n\n<p dir=\"rtl\" lang=\"ar\" style=\"text-align: right;\n          font-family: 'Cairo', Arial, sans-serif;\n          font-size: 18px;\n          line-height: 1.9;\n          margin: 8px 0;\">\n\u062a\u0646\u062f\u0631\u062c \u0627\u0644\u0645\u062f\u0631\u0633\u0629 \u0627\u0644\u0648\u0637\u0646\u064a\u0629 \u0627\u0644\u0639\u0644\u064a\u0627 \u0644\u062a\u0643\u0646\u0648\u0644\u0648\u062c\u064a\u0627\u062a \u0627\u0644\u0625\u0639\u0644\u0627\u0645 \u0648\u0627\u0644\u0627\u062a\u0635\u0627\u0644 \u0648\u0627\u0644\u0628\u0631\u064a\u062f\n<strong>\n  <mark style=\"background-color:rgba(0, 0, 0, 0); color:#0057A4;\">\n    <strong dir=\"ltr\">(ENSTICP)<\/strong>\n  <\/mark>\n<\/strong>\n\u0636\u0645\u0646 \u0627\u0644\u0625\u0633\u062a\u0631\u0627\u062a\u064a\u062c\u064a\u0629 \u0627\u0644\u0648\u0637\u0646\u064a\u0629 \u0644\u062a\u0637\u0648\u064a\u0631 \u0627\u0644\u0631\u0642\u0645\u0646\u0629 \u0648\u062a\u0639\u0632\u064a\u0632 \u0627\u0642\u062a\u0635\u0627\u062f \u0627\u0644\u0645\u0639\u0631\u0641\u0629\u060c\n\u0643\u0645\u0627 \u062d\u062f\u062f\u062a\u0647\u0627 \u0627\u0644\u0633\u0644\u0637\u0627\u062a \u0627\u0644\u0639\u0644\u064a\u0627 \u0641\u064a \u0627\u0644\u0628\u0644\u0627\u062f.\n<\/p>\n\n\n\n<p dir=\"rtl\" lang=\"ar\" style=\"text-align: right;\n          font-family: 'Cairo', Arial, sans-serif;\n          font-size: 18px;\n          line-height: 1.9;\n          margin: 8px 0;\">\n\u0648\u0628\u0635\u0641\u062a\u0647\u0627 \u0645\u0624\u0633\u0633\u0629 \u0639\u0645\u0648\u0645\u064a\u0629 \u0630\u0627\u062a \u0637\u0627\u0628\u0639 \u0639\u0644\u0645\u064a \u0648\u062a\u0643\u0646\u0648\u0644\u0648\u062c\u064a\u060c \u062a\u0636\u0637\u0644\u0639 \u0627\u0644\u0645\u062f\u0631\u0633\u0629 \u0627\u0644\u0648\u0637\u0646\u064a\u0629 \u0627\u0644\u0639\u0644\u064a\u0627\n\u0644\u062a\u0643\u0646\u0648\u0644\u0648\u062c\u064a\u0627\u062a \u0627\u0644\u0625\u0639\u0644\u0627\u0645 \u0648\u0627\u0644\u0627\u062a\u0635\u0627\u0644 \u0648\u0627\u0644\u0628\u0631\u064a\u062f\n<strong>\n  <mark style=\"background-color:rgba(0, 0, 0, 0); color:#0057A4;\">\n    <strong dir=\"ltr\">ENSTICP<\/strong>\n  <\/mark>\n<\/strong>\n\u0628\u0645\u0647\u0645\u0629 \u062a\u0643\u0648\u064a\u0646 \u0645\u0647\u0646\u062f\u0633\u064a\u0646 \u0630\u0648\u064a \u0643\u0641\u0627\u0621\u0629 \u0639\u0627\u0644\u064a\u0629\u060c \u0642\u0627\u062f\u0631\u064a\u0646 \u0639\u0644\u0649 \u0627\u0644\u0625\u0633\u0647\u0627\u0645 \u0628\u0641\u0639\u0627\u0644\u064a\u0629 \u0641\u064a \u0627\u0644\u062a\u062d\u0648\u0644\n\u0627\u0644\u0631\u0642\u0645\u064a \u0644\u0644\u062c\u0632\u0627\u0626\u0631 \u0648\u062a\u0639\u0632\u064a\u0632 \u0633\u064a\u0627\u062f\u062a\u0647\u0627 \u0627\u0644\u062a\u0643\u0646\u0648\u0644\u0648\u062c\u064a\u0629.\n<\/p>\n\n\n\n<p dir=\"rtl\" lang=\"ar\" style=\"text-align: right;\n          font-family: 'Cairo', Arial, sans-serif;\n          font-size: 18px;\n          line-height: 1.9;\n          margin: 8px 0;\">\n\u0648\u0645\u0646 \u062e\u0644\u0627\u0644 \u0628\u0631\u0627\u0645\u062c\u0647\u0627 \u0627\u0644\u062a\u0643\u0648\u064a\u0646\u064a\u0629 \u0627\u0644\u0645\u062a\u062e\u0635\u0635\u0629\u060c \u0648\u0623\u0646\u0634\u0637\u062a\u0647\u0627 \u0641\u064a \u0645\u062c\u0627\u0644 \u0627\u0644\u0628\u062d\u062b \u0627\u0644\u062a\u0637\u0628\u064a\u0642\u064a\u060c\n\u0648\u0634\u0631\u0627\u0643\u0627\u062a\u0647\u0627 \u0645\u0639 \u0645\u062e\u062a\u0644\u0641 \u0627\u0644\u0642\u0637\u0627\u0639\u0627\u062a \u0627\u0644\u0627\u0642\u062a\u0635\u0627\u062f\u064a\u0629 \u0648\u0627\u0644\u0627\u062c\u062a\u0645\u0627\u0639\u064a\u0629 \u0648\u0627\u0644\u0645\u0624\u0633\u0633\u0627\u062a\u064a\u0629\u060c\n\u062a\u0633\u0639\u0649 \u0627\u0644\u0645\u062f\u0631\u0633\u0629 \u0625\u0644\u0649 \u062a\u062b\u0645\u064a\u0646 \u0627\u0644\u0643\u0641\u0627\u0621\u0627\u062a \u0627\u0644\u0648\u0637\u0646\u064a\u0629 \u0641\u064a \u0645\u062c\u0627\u0644\u0627\u062a \u0627\u0644\u0627\u062a\u0635\u0627\u0644\u0627\u062a\u060c\n\u0648\u0627\u0644\u0634\u0628\u0643\u0627\u062a\u060c \u0648\u0627\u0644\u0625\u0639\u0644\u0627\u0645 \u0627\u0644\u0622\u0644\u064a\u060c \u0648\u0627\u0644\u0623\u0646\u0638\u0645\u0629 \u0627\u0644\u0645\u0636\u0645\u0646\u0629\u060c \u0648\u0627\u0644\u0623\u0645\u0646 \u0627\u0644\u0633\u064a\u0628\u0631\u0627\u0646\u064a.\n<\/p>\n\n\n\n<p dir=\"rtl\" lang=\"ar\" style=\"text-align: right;\n          font-family: 'Cairo', Arial, sans-serif;\n          font-size: 18px;\n          line-height: 1.9;\n          margin: 8px 0;\">\n\u0643\u0645\u0627 \u062a\u0637\u0645\u062d\n<strong>\n  <mark style=\"background-color:rgba(0, 0, 0, 0); color:#0057A4;\">\n    <strong dir=\"ltr\">ENSTICP<\/strong>\n  <\/mark>\n<\/strong>\n\u0625\u0644\u0649 \u0623\u0646 \u062a\u0635\u0628\u062d \u0627\u0644\u0645\u062f\u0631\u0633\u0629 \u0642\u0637\u0628\u0627\u064b \u0631\u0627\u0626\u062f\u0627\u064b \u0644\u0644\u062a\u0645\u064a\u0632 \u0648\u0627\u0644\u0627\u0628\u062a\u0643\u0627\u0631 \u0648\u0627\u0644\u0625\u0634\u0639\u0627\u0639 \u0627\u0644\u0639\u0644\u0645\u064a\u060c\n\u0645\u0646\u0641\u062a\u062d\u0627\u064b \u0639\u0644\u0649 \u0627\u0644\u062a\u0639\u0627\u0648\u0646 \u0627\u0644\u062f\u0648\u0644\u064a \u0648\u0645\u0648\u0627\u0643\u0628\u0627\u064b \u0644\u0644\u062a\u0637\u0648\u0631\u0627\u062a \u0627\u0644\u062a\u0643\u0646\u0648\u0644\u0648\u062c\u064a\u0629 \u0627\u0644\u0645\u0639\u0627\u0635\u0631\u0629.\n<\/p>\n\n\n\n<p dir=\"rtl\" lang=\"ar\" style=\"text-align: right;\n          font-family: 'Cairo', Arial, sans-serif;\n          font-size: 18px;\n          line-height: 1.9;\n          margin: 8px 0;\">\n\u0648\u0623\u0648\u062f \u0623\u0646 \u0623\u0639\u0628\u0651\u0631 \u0639\u0646 \u062e\u0627\u0644\u0635 \u0627\u0645\u062a\u0646\u0627\u0646\u064a \u0644\u062c\u0645\u064a\u0639 \u0623\u0639\u0636\u0627\u0621 \u0627\u0644\u0623\u0633\u0631\u0629 \u0627\u0644\u0623\u0643\u0627\u062f\u064a\u0645\u064a\u0629 \u0648\u0627\u0644\u0639\u0644\u0645\u064a\u0629 \u2014 \u0645\u0646 \u0623\u0633\u0627\u062a\u0630\u0629 \u0648\u0628\u0627\u062d\u062b\u064a\u0646 \u0648\u0645\u0648\u0638\u0641\u064a\u0646 \u0625\u062f\u0627\u0631\u064a\u064a\u0646 \u0648\u062a\u0642\u0646\u064a\u064a\u0646 \u0648\u0637\u0644\u0628\u0629 \u2014 \u0639\u0644\u0649 \u0627\u0644\u062a\u0632\u0627\u0645\u0647\u0645 \u0648\u0645\u0633\u0627\u0647\u0645\u062a\u0647\u0645 \u0627\u0644\u0645\u0633\u062a\u0645\u0631\u0629 \u0641\u064a \u0623\u062f\u0627\u0621 \u0631\u0633\u0627\u0644\u0629 \u0627\u0644\u0645\u062f\u0631\u0633\u0629 \u0641\u064a \u062e\u062f\u0645\u0629 \u0627\u0644\u0645\u0631\u0641\u0642 \u0627\u0644\u0639\u0627\u0645 \u0648\u062a\u0631\u0633\u064a\u062e \u062b\u0642\u0627\u0641\u0629 \u0627\u0644\u062a\u0645\u064a\u0651\u0632.\n<\/p>\n\n\n\n<div dir=\"rtl\" lang=\"ar\" style=\"text-align:right;\">\n  <p style=\"font-family:'Cairo',Arial,sans-serif;font-size:20px;line-height:1.8;margin:6px 0;\">\n    <strong>\n      \u0627\u0644\u0623\u0633\u062a\u0627\u0630: \u0628\u0648\u0644\u0631\u0628\u0627\u062d \u0633\u0648\u064a\u0633\u064a<br>\n      \u0645\u062f\u064a\u0631 \u0627\u0644\u0645\u062f\u0631\u0633\u0629 \u0627\u0644\u0648\u0637\u0646\u064a\u0629 \u0627\u0644\u0639\u0644\u064a\u0627 \u0644\u062a\u0643\u0646\u0648\u0644\u0648\u062c\u064a\u0627\u062a \u0627\u0644\u0625\u0639\u0644\u0627\u0645 \u0648\u0627\u0644\u0627\u062a\u0635\u0627\u0644 \u0648\u0627\u0644\u0628\u0631\u064a\u062f\n    <\/strong>\n  <\/p>\n<\/div>\n\n\n\n<img src=\"https:\/\/inptic.edu.dz\/wp-content\/uploads\/2025\/11\/separation-site_Plan-de-travail-1-scaled.jpg\" style=\"width:10100px;height:10px;\">\n\n\n\n<h2 style=\"color: #0057A4; font-weight: bold;\">Director&rsquo;s Word<\/h2>\n\n\n\n<p>The National Higher School of Information and Communication Technologies <strong><mark style=\"background-color:rgba(0, 0, 0, 0); color:#0057A4;\"><strong>(ENSTICP)<\/strong><\/mark><\/strong> fully aligns with the national strategy for digital development and the promotion of the knowledge-based economy, as defined by the country\u2019s highest authorities.<\/p>\n\n\n\n<p>As a public institution of scientific and technological excellence, <strong><mark style=\"background-color:rgba(0, 0, 0, 0); color:#0057A4;\"><strong>ENSTICP<\/strong><\/mark><\/strong>\n<\/mark><\/strong> is committed to training highly qualified engineers capable of actively contributing to Algeria\u2019s digital transformation and technological sovereignty.<\/p>\n\n\n\n<p>Through its specialized academic programs, applied research activities, and partnerships with socio-economic and institutional sectors, the school works to strengthen national competencies in telecommunications, networking, computer science, embedded systems, and cybersecurity.<\/p>\n\n\n\n<p><strong><mark style=\"background-color:rgba(0, 0, 0, 0); color:#0057A4;\"><strong>ENSTICP<\/strong><\/mark><\/strong> also aspires to become a hub of excellence, innovation, and scientific visibility, open to international cooperation and emerging technological trends.<\/p>\n\n\n\n<p>I would like to express my sincere appreciation to all members of the academic and scientific community \u2014 professors, researchers, administrative and technical staff, and our students \u2014 for their dedication and continued contribution to the school\u2019s mission of public service and excellence.\n<\/p>\n\n\n\n<h2 style=\" font-weight: 700;font-size: 16px; bold;\">Prof. Boularbah SOUISSI<br>\nDirector, National Higher School of Information and Communication Technologies and Posts<\/h2>\n\n\n\n<img src=\"https:\/\/inptic.edu.dz\/wp-content\/uploads\/2025\/11\/separation-site_Plan-de-travail-1-scaled.jpg\" style=\"width:10100px;height:10px;\">\n\n\n\n<h2 style=\"color: #0057A4; font-weight: bold;\">Mot du Directeur<\/h2>\n\n\n\n<p>L\u2019\u00c9cole Nationale&nbsp;Sup\u00e9rieure des Technologies de l\u2019Information et de la Communication et de la poste<strong><mark style=\"background-color:rgba(0, 0, 0, 0); color:#0057A4;\">\n  <strong>(ENSTICP)<\/strong>\n<\/mark><\/strong> s\u2019inscrit pleinement dans la strat\u00e9gie nationale de d\u00e9veloppement du num\u00e9rique et de promotion de l\u2019\u00e9conomie du savoir, telle que d\u00e9finie par les hautes autorit\u00e9s du pays.<\/p>\n\n\n\n<p>En tant qu\u2019\u00e9tablissement public \u00e0 caract\u00e8re scientifique et technologique, l\u2019\n  <strong><mark style=\"background-color:rgba(0, 0, 0, 0); color:#0057A4;\"><strong>ENSTICP<\/strong><\/mark><\/strong> a pour mission de former des ing\u00e9nieurs hautement qualifi\u00e9s, capables de contribuer activement \u00e0 la transformation num\u00e9rique de l\u2019Alg\u00e9rie et au renforcement de sa souverainet\u00e9 technologique.<\/p>\n\n\n\n<p>\u00c0 travers ses programmes de formation sp\u00e9cialis\u00e9s, ses activit\u00e9s de recherche appliqu\u00e9e et ses partenariats avec les secteurs socio-\u00e9conomiques et institutionnels, l\u2019\u00e9cole \u0153uvre \u00e0 la valorisation des comp\u00e9tences nationales dans les domaines des t\u00e9l\u00e9communications, des r\u00e9seaux, de l\u2019informatique, des syst\u00e8mes embarqu\u00e9s et de la cybers\u00e9curit\u00e9.<\/p>\n\n\n\n<p>L\u2019 <strong><mark style=\"background-color:rgba(0, 0, 0, 0); color:#0057A4;\"><strong>ENSTICP<\/strong><\/mark><\/strong> aspire \u00e9galement \u00e0 devenir un p\u00f4le d\u2019excellence, d\u2019innovation et de rayonnement scientifique, ouvert sur la coop\u00e9ration internationale et les \u00e9volutions technologiques contemporaines.<\/p>\n\n\n\n<p>Je tiens \u00e0 exprimer toute ma reconnaissance \u00e0 l\u2019ensemble des membres de la communaut\u00e9 acad\u00e9mique et scientifique \u2014 enseignants, chercheurs, personnels administratifs et techniques, ainsi qu\u2019aux \u00e9tudiants \u2014 pour leur engagement et leur contribution continue \u00e0 la mission de service public et d\u2019excellence de l\u2019\u00e9cole.<\/p>\n\n\n\n<p><strong>Prof. Boularbah SOUISSI<br>Directeur de l\u2019\u00c9cole Nationale Sup\u00e9rieure des Technologies de l\u2019Information et de la Communication et de la poste<\/strong><\/p>\n","protected":false},"excerpt":{"rendered":"<p>\u0643\u0644\u0645\u0629 \u0627\u0644\u0645\u062f\u064a\u0631 \u062a\u0646\u062f\u0631\u062c \u0627\u0644\u0645\u062f\u0631\u0633\u0629 \u0627\u0644\u0648\u0637\u0646\u064a\u0629 \u0627\u0644\u0639\u0644\u064a\u0627 \u0644\u062a\u0643\u0646\u0648\u0644\u0648\u062c\u064a\u0627\u062a \u0627\u0644\u0625\u0639\u0644\u0627\u0645 \u0648\u0627\u0644\u0627\u062a\u0635\u0627\u0644 \u0648\u0627\u0644\u0628\u0631\u064a\u062f (ENSTICP) \u0636\u0645\u0646 \u0627\u0644\u0625\u0633\u062a\u0631\u0627\u062a\u064a\u062c\u064a\u0629 \u0627\u0644\u0648\u0637\u0646\u064a\u0629 \u0644\u062a\u0637\u0648\u064a\u0631 \u0627\u0644\u0631\u0642\u0645\u0646\u0629 \u0648\u062a\u0639\u0632\u064a\u0632 \u0627\u0642\u062a\u0635\u0627\u062f \u0627\u0644\u0645\u0639\u0631\u0641\u0629\u060c \u0643\u0645\u0627 \u062d\u062f\u062f\u062a\u0647\u0627 \u0627\u0644\u0633\u0644\u0637\u0627\u062a \u0627\u0644\u0639\u0644\u064a\u0627 \u0641\u064a \u0627\u0644\u0628\u0644\u0627\u062f.&hellip;<\/p>\n","protected":false},"author":1,"featured_media":0,"parent":0,"menu_order":0,"comment_status":"closed","ping_status":"closed","template":"","meta":[],"_links":{"self":[{"href":"https:\/\/inptic.edu.dz\/index.php?rest_route=\/wp\/v2\/pages\/126"}],"collection":[{"href":"https:\/\/inptic.edu.dz\/index.php?rest_route=\/wp\/v2\/pages"}],"about":[{"href":"https:\/\/inptic.edu.dz\/index.php?rest_route=\/wp\/v2\/types\/page"}],"author":[{"embeddable":true,"href":"https:\/\/inptic.edu.dz\/index.php?rest_route=\/wp\/v2\/users\/1"}],"replies":[{"embeddable":true,"href":"https:\/\/inptic.edu.dz\/index.php?rest_route=%2Fwp%2Fv2%2Fcomments&post=126"}],"version-history":[{"count":30,"href":"https:\/\/inptic.edu.dz\/index.php?rest_route=\/wp\/v2\/pages\/126\/revisions"}],"predecessor-version":[{"id":2520,"href":"https:\/\/inptic.edu.dz\/index.php?rest_route=\/wp\/v2\/pages\/126\/revisions\/2520"}],"wp:attachment":[{"href":"https:\/\/inptic.edu.dz\/index.php?rest_route=%2Fwp%2Fv2%2Fmedia&parent=126"}],"curies":[{"name":"wp","href":"https:\/\/api.w.org\/{rel}","templated":true}]}}