{"id":170,"date":"2022-04-17T11:59:52","date_gmt":"2022-04-17T10:59:52","guid":{"rendered":"https:\/\/inptic.edu.dz\/?page_id=170"},"modified":"2023-10-12T09:33:00","modified_gmt":"2023-10-12T08:33:00","slug":"offre-des-formations","status":"publish","type":"page","link":"https:\/\/inptic.edu.dz\/?page_id=170","title":{"rendered":"Offre des formations"},"content":{"rendered":"\n<div class=\"wp-block-image\"><figure class=\"aligncenter size-full is-resized\"><img loading=\"lazy\" src=\"https:\/\/inptic.edu.dz\/wp-content\/uploads\/2022\/04\/form2.png\" alt=\"\" class=\"wp-image-172\" width=\"999\" height=\"360\"><\/figure><\/div>\n\n\n\n<p>Pour plus d&rsquo;information n&rsquo;h\u00e9sitez pas \u00e0 nous rapprocher de notre \u00e9quipe.<\/p>\n\n\n\n<p>T\u00e9l: 023 89 04 41<\/p>\n\n\n\n<p>Mail: formation_continue@inptic.edu.dz <\/p>\n","protected":false},"excerpt":{"rendered":"<p>Pour plus d&rsquo;information n&rsquo;h\u00e9sitez pas \u00e0 nous rapprocher de notre \u00e9quipe. T\u00e9l: 023 89 04 41 Mail: formation_continue@inptic.edu.dz<\/p>\n","protected":false},"author":1,"featured_media":0,"parent":0,"menu_order":0,"comment_status":"closed","ping_status":"closed","template":"","meta":[],"_links":{"self":[{"href":"https:\/\/inptic.edu.dz\/index.php?rest_route=\/wp\/v2\/pages\/170"}],"collection":[{"href":"https:\/\/inptic.edu.dz\/index.php?rest_route=\/wp\/v2\/pages"}],"about":[{"href":"https:\/\/inptic.edu.dz\/index.php?rest_route=\/wp\/v2\/types\/page"}],"author":[{"embeddable":true,"href":"https:\/\/inptic.edu.dz\/index.php?rest_route=\/wp\/v2\/users\/1"}],"replies":[{"embeddable":true,"href":"https:\/\/inptic.edu.dz\/index.php?rest_route=%2Fwp%2Fv2%2Fcomments&post=170"}],"version-history":[{"count":7,"href":"https:\/\/inptic.edu.dz\/index.php?rest_route=\/wp\/v2\/pages\/170\/revisions"}],"predecessor-version":[{"id":1321,"href":"https:\/\/inptic.edu.dz\/index.php?rest_route=\/wp\/v2\/pages\/170\/revisions\/1321"}],"wp:attachment":[{"href":"https:\/\/inptic.edu.dz\/index.php?rest_route=%2Fwp%2Fv2%2Fmedia&parent=170"}],"curies":[{"name":"wp","href":"https:\/\/api.w.org\/{rel}","templated":true}]}}