{"id":193,"date":"2022-04-21T10:28:17","date_gmt":"2022-04-21T09:28:17","guid":{"rendered":"https:\/\/inptic.edu.dz\/?page_id=193"},"modified":"2024-09-24T09:21:30","modified_gmt":"2024-09-24T08:21:30","slug":"infrastructure","status":"publish","type":"page","link":"https:\/\/inptic.edu.dz\/?page_id=193","title":{"rendered":"Infrastructure"},"content":{"rendered":"\n<div class=\"wp-block-columns\">\n<div class=\"wp-block-column\">\n<p><\/p>\n\n\n\n<p><\/p>\n\n\n\n<p class=\"has-drop-cap\">L&rsquo;\u00e9cole est un \u00e9tablissement de formation sup\u00e9rieure et d\u2019enseignement qui s\u2019\u00e9tale sur une superficie totale d\u2019environ 13.138 m\u00b2. L\u2019\u00e9tablissement est constitu\u00e9 de 17 constructions (blocs p\u00e9dagogiques, administratifs et d\u2019h\u00e9bergement) r\u00e9partis sur une surface b\u00e2tie de 10 086 m2.<\/p>\n\n\n\n<p>L\u2019ENSTICP est install\u00e9 dans des b\u00e2timents o\u00f9 l\u2019espace de l\u2019Institut est agenc\u00e9 de mani\u00e8re \u00e0 octroyer toutes les conditions n\u00e9cessaires au bon d\u00e9roulement du cursus. L\u2019Ecole National Sup\u00e9rieur des TIC et de la Poste (ENSTICP) d\u2019Alger dispose de structures et d\u2019infrastructures vari\u00e9es aussi bien p\u00e9dagogique que logistiques, r\u00e9parties comme suit :<\/p>\n<\/div>\n\n\n\n<div class=\"wp-block-column\">\n<p><\/p>\n\n\n\n<p><\/p>\n\n\n\n<p><\/p>\n\n\n\n<figure class=\"wp-block-image size-full\"><img loading=\"lazy\" width=\"659\" height=\"619\" src=\"https:\/\/inptic.edu.dz\/wp-content\/uploads\/2022\/04\/mapinptic-2.png\" alt=\"\" class=\"wp-image-202\" srcset=\"https:\/\/inptic.edu.dz\/wp-content\/uploads\/2022\/04\/mapinptic-2.png 659w, https:\/\/inptic.edu.dz\/wp-content\/uploads\/2022\/04\/mapinptic-2-300x282.png 300w\" sizes=\"(max-width: 659px) 100vw, 659px\" \/><\/figure>\n<\/div>\n<\/div>\n\n\n\n<p><mark style=\"background-color:rgba(0, 0, 0, 0); color: #02519E\"><strong>Locaux p\u00e9dagogiques :<\/strong><\/mark><\/p>\n\n\n\n<p>L\u2019<mark style=\"background-color:rgba(0, 0, 0, 0); color :#02519E\"><strong>ENSTICP<\/strong><\/mark> dispose d\u2019une infrastructure \u00e0 usage p\u00e9dagogique qui abrite :<\/p>\n\n\n\n<ul><li>Bloc p\u00e9dagogique&nbsp;: 14 salles de cours d\u2019une capacit\u00e9 de 30 Etudiants chacune et dot\u00e9e de 09 bureaux pour enseignants et de locaux administratif pour les diff\u00e9rents services p\u00e9dagogiques<\/li><li>Bloc A (acad\u00e9mie Mobilis)&nbsp;: 05 salle de cours et 03 salles maquettes<\/li><li>: Bloc B&nbsp;: 09 laboratoires pour la formation \u00e9quip\u00e9s de mat\u00e9riels informatiques, \u00e9lectroniques et r\u00e9seaux, ainsi que six (06) locaux administratifs<\/li><li>Bloc C&nbsp;: 09 laboratoires avec une salle maquettes ERICSSON<\/li><li>Biblioth\u00e8que, compos\u00e9e d\u2019une Salle de lecture de capacit\u00e9 de 75 \u00e9tudiants, une salle d\u2019ouvrages, deux bureaux et d\u2019une Salle Multim\u00e9dia d\u2019une capacit\u00e9 de 25 \u00e9tudiants<\/li><li>01 amphith\u00e9\u00e2tre (salle de conf\u00e9rence) d\u2019une capacit\u00e9 de 120 places, dot\u00e9e de deux (02) salles r\u00e9gie<\/li><\/ul>\n\n\n\n<figure class=\"wp-block-gallery has-nested-images columns-default is-cropped\">\n<figure class=\"wp-block-image size-large\"><img loading=\"lazy\" width=\"1024\" height=\"681\" data-id=\"401\"  src=\"https:\/\/inptic.edu.dz\/wp-content\/uploads\/2022\/05\/amphi.jpg\" alt=\"\" class=\"wp-image-401\" srcset=\"https:\/\/inptic.edu.dz\/wp-content\/uploads\/2022\/05\/amphi.jpg 1024w, https:\/\/inptic.edu.dz\/wp-content\/uploads\/2022\/05\/amphi-300x200.jpg 300w, https:\/\/inptic.edu.dz\/wp-content\/uploads\/2022\/05\/amphi-768x511.jpg 768w\" sizes=\"(max-width: 1024px) 100vw, 1024px\" \/><\/figure>\n\n\n\n<figure class=\"wp-block-image size-large\"><img loading=\"lazy\" width=\"1024\" height=\"681\" data-id=\"403\"  src=\"https:\/\/inptic.edu.dz\/wp-content\/uploads\/2022\/05\/amphi2.jpg\" alt=\"\" class=\"wp-image-403\" srcset=\"https:\/\/inptic.edu.dz\/wp-content\/uploads\/2022\/05\/amphi2.jpg 1024w, https:\/\/inptic.edu.dz\/wp-content\/uploads\/2022\/05\/amphi2-300x200.jpg 300w, https:\/\/inptic.edu.dz\/wp-content\/uploads\/2022\/05\/amphi2-768x511.jpg 768w\" sizes=\"(max-width: 1024px) 100vw, 1024px\" \/><\/figure>\n\n\n\n<figure class=\"wp-block-image size-large\"><img loading=\"lazy\" width=\"1024\" height=\"681\" data-id=\"404\"  src=\"https:\/\/inptic.edu.dz\/wp-content\/uploads\/2022\/05\/salle-d-cour.jpg\" alt=\"\" class=\"wp-image-404\" srcset=\"https:\/\/inptic.edu.dz\/wp-content\/uploads\/2022\/05\/salle-d-cour.jpg 1024w, https:\/\/inptic.edu.dz\/wp-content\/uploads\/2022\/05\/salle-d-cour-300x200.jpg 300w, https:\/\/inptic.edu.dz\/wp-content\/uploads\/2022\/05\/salle-d-cour-768x511.jpg 768w\" sizes=\"(max-width: 1024px) 100vw, 1024px\" \/><\/figure>\n\n\n\n<figure class=\"wp-block-image size-large\"><img loading=\"lazy\" width=\"1024\" height=\"681\" data-id=\"405\"  src=\"https:\/\/inptic.edu.dz\/wp-content\/uploads\/2022\/05\/biblio.jpg\" alt=\"\" class=\"wp-image-405\" srcset=\"https:\/\/inptic.edu.dz\/wp-content\/uploads\/2022\/05\/biblio.jpg 1024w, https:\/\/inptic.edu.dz\/wp-content\/uploads\/2022\/05\/biblio-300x200.jpg 300w, https:\/\/inptic.edu.dz\/wp-content\/uploads\/2022\/05\/biblio-768x511.jpg 768w\" sizes=\"(max-width: 1024px) 100vw, 1024px\" \/><\/figure>\n\n\n\n<figure class=\"wp-block-image size-large\"><img loading=\"lazy\" width=\"1024\" height=\"681\" data-id=\"406\"  src=\"https:\/\/inptic.edu.dz\/wp-content\/uploads\/2022\/05\/biblio2.jpg\" alt=\"\" class=\"wp-image-406\" srcset=\"https:\/\/inptic.edu.dz\/wp-content\/uploads\/2022\/05\/biblio2.jpg 1024w, https:\/\/inptic.edu.dz\/wp-content\/uploads\/2022\/05\/biblio2-300x200.jpg 300w, https:\/\/inptic.edu.dz\/wp-content\/uploads\/2022\/05\/biblio2-768x511.jpg 768w\" sizes=\"(max-width: 1024px) 100vw, 1024px\" \/><\/figure>\n\n\n\n<figure class=\"wp-block-image size-large\"><img loading=\"lazy\" width=\"1024\" height=\"681\" data-id=\"407\"  src=\"https:\/\/inptic.edu.dz\/wp-content\/uploads\/2022\/05\/salle-tp-2.jpg\" alt=\"\" class=\"wp-image-407\" srcset=\"https:\/\/inptic.edu.dz\/wp-content\/uploads\/2022\/05\/salle-tp-2.jpg 1024w, https:\/\/inptic.edu.dz\/wp-content\/uploads\/2022\/05\/salle-tp-2-300x200.jpg 300w, https:\/\/inptic.edu.dz\/wp-content\/uploads\/2022\/05\/salle-tp-2-768x511.jpg 768w\" sizes=\"(max-width: 1024px) 100vw, 1024px\" \/><\/figure>\n\n\n\n<figure class=\"wp-block-image size-large\"><img loading=\"lazy\" width=\"625\" height=\"368\" data-id=\"408\"  src=\"https:\/\/inptic.edu.dz\/wp-content\/uploads\/2022\/05\/tp.png\" alt=\"\" class=\"wp-image-408\" srcset=\"https:\/\/inptic.edu.dz\/wp-content\/uploads\/2022\/05\/tp.png 625w, https:\/\/inptic.edu.dz\/wp-content\/uploads\/2022\/05\/tp-300x177.png 300w\" sizes=\"(max-width: 625px) 100vw, 625px\" \/><\/figure>\n<\/figure>\n\n\n\n<p><strong><mark style=\"background-color:rgba(0, 0, 0, 0); color :#02519E\">Locaux administratifs :<\/mark><\/strong><\/p>\n\n\n\n<ul><li>01 bloc administratif compos\u00e9 de 09 Bureaux<\/li><\/ul>\n\n\n\n<figure class=\"wp-block-gallery has-nested-images columns-default is-cropped\">\n<figure class=\"wp-block-image size-large\"><img loading=\"lazy\" width=\"1024\" height=\"681\" data-id=\"411\"  src=\"https:\/\/inptic.edu.dz\/wp-content\/uploads\/2022\/05\/DSC_0059-1024x681-1.jpg\" alt=\"\" class=\"wp-image-411\" srcset=\"https:\/\/inptic.edu.dz\/wp-content\/uploads\/2022\/05\/DSC_0059-1024x681-1.jpg 1024w, https:\/\/inptic.edu.dz\/wp-content\/uploads\/2022\/05\/DSC_0059-1024x681-1-300x200.jpg 300w, https:\/\/inptic.edu.dz\/wp-content\/uploads\/2022\/05\/DSC_0059-1024x681-1-768x511.jpg 768w\" sizes=\"(max-width: 1024px) 100vw, 1024px\" \/><\/figure>\n\n\n\n<figure class=\"wp-block-image size-large\"><img loading=\"lazy\" width=\"1024\" height=\"681\" data-id=\"412\"  src=\"https:\/\/inptic.edu.dz\/wp-content\/uploads\/2022\/05\/DSC_0101-1024x681-1.jpg\" alt=\"\" class=\"wp-image-412\" srcset=\"https:\/\/inptic.edu.dz\/wp-content\/uploads\/2022\/05\/DSC_0101-1024x681-1.jpg 1024w, https:\/\/inptic.edu.dz\/wp-content\/uploads\/2022\/05\/DSC_0101-1024x681-1-300x200.jpg 300w, https:\/\/inptic.edu.dz\/wp-content\/uploads\/2022\/05\/DSC_0101-1024x681-1-768x511.jpg 768w\" sizes=\"(max-width: 1024px) 100vw, 1024px\" \/><\/figure>\n\n\n\n<figure class=\"wp-block-image size-large\"><img loading=\"lazy\" width=\"1024\" height=\"681\" data-id=\"413\"  src=\"https:\/\/inptic.edu.dz\/wp-content\/uploads\/2022\/05\/DSC_0061-1024x681-1.jpg\" alt=\"\" class=\"wp-image-413\" srcset=\"https:\/\/inptic.edu.dz\/wp-content\/uploads\/2022\/05\/DSC_0061-1024x681-1.jpg 1024w, https:\/\/inptic.edu.dz\/wp-content\/uploads\/2022\/05\/DSC_0061-1024x681-1-300x200.jpg 300w, https:\/\/inptic.edu.dz\/wp-content\/uploads\/2022\/05\/DSC_0061-1024x681-1-768x511.jpg 768w\" sizes=\"(max-width: 1024px) 100vw, 1024px\" \/><\/figure>\n<\/figure>\n\n\n\n<p><strong><mark style=\"background-color:rgba(0, 0, 0, 0); color:#02519E\">Locaux d\u2019h\u00e9bergement<\/mark><\/strong><\/p>\n\n\n\n<ul><li>01bloc d\u2019h\u00e9bergement Hommes (R+4) d\u2019une capacit\u00e9 de 136 lits, dot\u00e9e d\u2019une buanderie, des locaux du service h\u00e9bergement et restauration.<\/li><li>01 bloc d\u2019h\u00e9bergement Femme (R+4) d\u2019une capacit\u00e9 de120 lits.<\/li><li>01 bloc d\u2019h\u00e9bergement (cadres Mobilis) de type (R+3) d\u2019une capacit\u00e9 de 66 lits,<\/li><li>Bloc logements d\u2019astreinte&nbsp;: 06 logements sur (R+2)<\/li><\/ul>\n\n\n\n<figure class=\"wp-block-gallery has-nested-images columns-default is-cropped\">\n<figure class=\"wp-block-image size-large\"><img loading=\"lazy\" width=\"1024\" height=\"681\" data-id=\"416\"  src=\"https:\/\/inptic.edu.dz\/wp-content\/uploads\/2022\/05\/DSC_0118-1024x681-1.jpg\" alt=\"\" class=\"wp-image-416\" srcset=\"https:\/\/inptic.edu.dz\/wp-content\/uploads\/2022\/05\/DSC_0118-1024x681-1.jpg 1024w, https:\/\/inptic.edu.dz\/wp-content\/uploads\/2022\/05\/DSC_0118-1024x681-1-300x200.jpg 300w, https:\/\/inptic.edu.dz\/wp-content\/uploads\/2022\/05\/DSC_0118-1024x681-1-768x511.jpg 768w\" sizes=\"(max-width: 1024px) 100vw, 1024px\" \/><\/figure>\n\n\n\n<figure class=\"wp-block-image size-large\"><img loading=\"lazy\" width=\"1024\" height=\"681\" data-id=\"417\"  src=\"https:\/\/inptic.edu.dz\/wp-content\/uploads\/2022\/05\/DSC_0132-1024x681-1.jpg\" alt=\"\" class=\"wp-image-417\" srcset=\"https:\/\/inptic.edu.dz\/wp-content\/uploads\/2022\/05\/DSC_0132-1024x681-1.jpg 1024w, https:\/\/inptic.edu.dz\/wp-content\/uploads\/2022\/05\/DSC_0132-1024x681-1-300x200.jpg 300w, https:\/\/inptic.edu.dz\/wp-content\/uploads\/2022\/05\/DSC_0132-1024x681-1-768x511.jpg 768w\" sizes=\"(max-width: 1024px) 100vw, 1024px\" \/><\/figure>\n\n\n\n<figure class=\"wp-block-image size-large\"><img loading=\"lazy\" width=\"1024\" height=\"681\" data-id=\"418\"  src=\"https:\/\/inptic.edu.dz\/wp-content\/uploads\/2022\/05\/DSC_0124-1024x681-1.jpg\" alt=\"\" class=\"wp-image-418\" srcset=\"https:\/\/inptic.edu.dz\/wp-content\/uploads\/2022\/05\/DSC_0124-1024x681-1.jpg 1024w, https:\/\/inptic.edu.dz\/wp-content\/uploads\/2022\/05\/DSC_0124-1024x681-1-300x200.jpg 300w, https:\/\/inptic.edu.dz\/wp-content\/uploads\/2022\/05\/DSC_0124-1024x681-1-768x511.jpg 768w\" sizes=\"(max-width: 1024px) 100vw, 1024px\" \/><\/figure>\n\n\n\n<figure class=\"wp-block-image size-large\"><img loading=\"lazy\" width=\"1024\" height=\"681\" data-id=\"419\"  src=\"https:\/\/inptic.edu.dz\/wp-content\/uploads\/2022\/05\/DSC_0122-1024x681-1.jpg\" alt=\"\" class=\"wp-image-419\" srcset=\"https:\/\/inptic.edu.dz\/wp-content\/uploads\/2022\/05\/DSC_0122-1024x681-1.jpg 1024w, https:\/\/inptic.edu.dz\/wp-content\/uploads\/2022\/05\/DSC_0122-1024x681-1-300x200.jpg 300w, https:\/\/inptic.edu.dz\/wp-content\/uploads\/2022\/05\/DSC_0122-1024x681-1-768x511.jpg 768w\" sizes=\"(max-width: 1024px) 100vw, 1024px\" \/><\/figure>\n\n\n\n<figure class=\"wp-block-image size-large\"><img loading=\"lazy\" width=\"1024\" height=\"681\" data-id=\"421\"  src=\"https:\/\/inptic.edu.dz\/wp-content\/uploads\/2022\/05\/DSC_0143-1024x681-1.jpg\" alt=\"\" class=\"wp-image-421\" srcset=\"https:\/\/inptic.edu.dz\/wp-content\/uploads\/2022\/05\/DSC_0143-1024x681-1.jpg 1024w, https:\/\/inptic.edu.dz\/wp-content\/uploads\/2022\/05\/DSC_0143-1024x681-1-300x200.jpg 300w, https:\/\/inptic.edu.dz\/wp-content\/uploads\/2022\/05\/DSC_0143-1024x681-1-768x511.jpg 768w\" sizes=\"(max-width: 1024px) 100vw, 1024px\" \/><\/figure>\n\n\n\n<figure class=\"wp-block-image size-large\"><img loading=\"lazy\" width=\"1024\" height=\"681\" data-id=\"420\"  src=\"https:\/\/inptic.edu.dz\/wp-content\/uploads\/2022\/05\/DSC_0127-1024x681-1.jpg\" alt=\"\" class=\"wp-image-420\" srcset=\"https:\/\/inptic.edu.dz\/wp-content\/uploads\/2022\/05\/DSC_0127-1024x681-1.jpg 1024w, https:\/\/inptic.edu.dz\/wp-content\/uploads\/2022\/05\/DSC_0127-1024x681-1-300x200.jpg 300w, https:\/\/inptic.edu.dz\/wp-content\/uploads\/2022\/05\/DSC_0127-1024x681-1-768x511.jpg 768w\" sizes=\"(max-width: 1024px) 100vw, 1024px\" \/><\/figure>\n<\/figure>\n\n\n\n<p><strong><mark style=\"background-color:rgba(0, 0, 0, 0); color:#02519E\">Autres Locaux :<\/mark><\/strong><\/p>\n\n\n\n<ul><li>02 salles de restauration d\u2019une capacit\u00e9 de 150 places chacune.<\/li><li>01 cuisine \u00e9quip\u00e9e de 140 m\u00b2<\/li><li>01 foyer pour \u00e9tudiants et personnel d\u2019une capacit\u00e9 de 100 places&nbsp;;<\/li><li>01 infirmerie (bureau du m\u00e9decin),<\/li><li>01 Salle de sports \u00e9quip\u00e9e<\/li><li>&nbsp;01 stade omnisports<\/li><\/ul>\n\n\n\n<figure class=\"wp-block-gallery has-nested-images columns-default is-cropped\">\n<figure class=\"wp-block-image size-large\"><img loading=\"lazy\" width=\"1024\" height=\"681\" data-id=\"424\"  src=\"https:\/\/inptic.edu.dz\/wp-content\/uploads\/2022\/05\/DSC_0044-1024x681-1.jpg\" alt=\"\" class=\"wp-image-424\" srcset=\"https:\/\/inptic.edu.dz\/wp-content\/uploads\/2022\/05\/DSC_0044-1024x681-1.jpg 1024w, https:\/\/inptic.edu.dz\/wp-content\/uploads\/2022\/05\/DSC_0044-1024x681-1-300x200.jpg 300w, https:\/\/inptic.edu.dz\/wp-content\/uploads\/2022\/05\/DSC_0044-1024x681-1-768x511.jpg 768w\" sizes=\"(max-width: 1024px) 100vw, 1024px\" \/><\/figure>\n\n\n\n<figure class=\"wp-block-image size-large\"><img loading=\"lazy\" width=\"1024\" height=\"681\" data-id=\"426\"  src=\"https:\/\/inptic.edu.dz\/wp-content\/uploads\/2022\/05\/DSC_0046-1024x681-1.jpg\" alt=\"\" class=\"wp-image-426\" srcset=\"https:\/\/inptic.edu.dz\/wp-content\/uploads\/2022\/05\/DSC_0046-1024x681-1.jpg 1024w, https:\/\/inptic.edu.dz\/wp-content\/uploads\/2022\/05\/DSC_0046-1024x681-1-300x200.jpg 300w, https:\/\/inptic.edu.dz\/wp-content\/uploads\/2022\/05\/DSC_0046-1024x681-1-768x511.jpg 768w\" sizes=\"(max-width: 1024px) 100vw, 1024px\" \/><\/figure>\n\n\n\n<figure class=\"wp-block-image size-large\"><img loading=\"lazy\" width=\"1024\" height=\"681\" data-id=\"425\"  src=\"https:\/\/inptic.edu.dz\/wp-content\/uploads\/2022\/05\/DSC_0050-1024x681-1.jpg\" alt=\"\" class=\"wp-image-425\" srcset=\"https:\/\/inptic.edu.dz\/wp-content\/uploads\/2022\/05\/DSC_0050-1024x681-1.jpg 1024w, https:\/\/inptic.edu.dz\/wp-content\/uploads\/2022\/05\/DSC_0050-1024x681-1-300x200.jpg 300w, https:\/\/inptic.edu.dz\/wp-content\/uploads\/2022\/05\/DSC_0050-1024x681-1-768x511.jpg 768w\" sizes=\"(max-width: 1024px) 100vw, 1024px\" \/><\/figure>\n<\/figure>\n","protected":false},"excerpt":{"rendered":"<p>L&rsquo;\u00e9cole est un \u00e9tablissement de formation sup\u00e9rieure et d\u2019enseignement qui s\u2019\u00e9tale sur une superficie totale d\u2019environ 13.138 m\u00b2. L\u2019\u00e9tablissement est constitu\u00e9 de 17 constructions (blocs&hellip;<\/p>\n","protected":false},"author":1,"featured_media":0,"parent":0,"menu_order":0,"comment_status":"closed","ping_status":"closed","template":"","meta":[],"_links":{"self":[{"href":"https:\/\/inptic.edu.dz\/index.php?rest_route=\/wp\/v2\/pages\/193"}],"collection":[{"href":"https:\/\/inptic.edu.dz\/index.php?rest_route=\/wp\/v2\/pages"}],"about":[{"href":"https:\/\/inptic.edu.dz\/index.php?rest_route=\/wp\/v2\/types\/page"}],"author":[{"embeddable":true,"href":"https:\/\/inptic.edu.dz\/index.php?rest_route=\/wp\/v2\/users\/1"}],"replies":[{"embeddable":true,"href":"https:\/\/inptic.edu.dz\/index.php?rest_route=%2Fwp%2Fv2%2Fcomments&post=193"}],"version-history":[{"count":43,"href":"https:\/\/inptic.edu.dz\/index.php?rest_route=\/wp\/v2\/pages\/193\/revisions"}],"predecessor-version":[{"id":1884,"href":"https:\/\/inptic.edu.dz\/index.php?rest_route=\/wp\/v2\/pages\/193\/revisions\/1884"}],"wp:attachment":[{"href":"https:\/\/inptic.edu.dz\/index.php?rest_route=%2Fwp%2Fv2%2Fmedia&parent=193"}],"curies":[{"name":"wp","href":"https:\/\/api.w.org\/{rel}","templated":true}]}}