{"id":2080,"date":"2025-04-24T10:07:44","date_gmt":"2025-04-24T09:07:44","guid":{"rendered":"https:\/\/inptic.edu.dz\/?page_id=2080"},"modified":"2025-07-02T15:10:19","modified_gmt":"2025-07-02T14:10:19","slug":"concours-dacces-2025","status":"publish","type":"page","link":"https:\/\/inptic.edu.dz\/?page_id=2080","title":{"rendered":"concours d&rsquo;acc\u00e8s 2025"},"content":{"rendered":"\n<div style=\"height:25px\" aria-hidden=\"true\" class=\"wp-block-spacer\"><\/div>\n\n\n\n<h2 class=\"has-text-align-center\">Plateforme des inscriptions au concours d&rsquo;acc\u00e8s au second cycle<\/h2>\n\n\n\n<div style=\"height:25px\" aria-hidden=\"true\" class=\"wp-block-spacer\"><\/div>\n\n\n\n<h3 class=\"has-text-align-center has-background\" style=\"background-color:#fff6cf\">P\u00e9riode des inscriptions du : 01-06-2025 au 23-06-2025<\/h3>\n\n\n\n<div class=\"wp-block-columns alignfull has-text-color has-background\" style=\"background-color:#ffffff;color:#000000\">\n<div class=\"wp-block-column has-background\" style=\"background-color:#fcfcfc\">\n<h3 class=\"has-text-align-center has-white-color has-text-color has-background\" style=\"background-color:#177bb5;font-size:24px;line-height:1.3\"><strong>Guide de Proc\u00e9dures<\/strong><\/h3>\n\n\n\n<div class=\"wp-container-6a04b2eb9f47d wp-block-buttons\">\n<div class=\"wp-block-button\"><a class=\"wp-block-button__link\" href=\"https:\/\/inptic.edu.dz\/wp-content\/uploads\/2025\/04\/Affichage-Concours-Second-Cycle-VF.pdf\">PDF<\/a><\/div>\n<\/div>\n\n\n\n<h3 class=\"has-text-align-center has-white-color has-text-color has-background\" style=\"background-color:#177bb5;font-size:24px;line-height:1.3\"><strong>Note d&rsquo;Information<\/strong><\/h3>\n\n\n\n<div class=\"wp-container-6a04b2eb9f7fc wp-block-buttons\">\n<div class=\"wp-block-button\"><a class=\"wp-block-button__link\" href=\"https:\/\/inptic.edu.dz\/wp-content\/uploads\/2025\/06\/Note-dInformation-Concours-2025.pdf\">PDF<\/a><\/div>\n<\/div>\n\n\n\n<h3 class=\"has-text-align-center has-white-color has-text-color has-background\" style=\"background-color:#177bb5;font-size:24px;line-height:1.3\"><strong>Liste des candidats admis au concours d&rsquo;acc\u00e8s au second cycle<\/strong><\/h3>\n\n\n\n<div class=\"wp-container-6a04b2eb9fb9f wp-block-buttons\">\n<div class=\"wp-block-button\"><a class=\"wp-block-button__link\" href=\"https:\/\/inptic.edu.dz\/wp-content\/uploads\/2025\/07\/liste-des-candidats-admis-au-concours-dacces.pdf\">PDF<\/a><\/div>\n<\/div>\n<\/div>\n\n\n\n<div class=\"wp-block-column has-background\" style=\"background-color:#fcfcfc\">\n<h3 class=\"has-text-align-center has-white-color has-text-color has-background\" style=\"background-color:#177bb5;font-size:24px;line-height:1.3\"><strong>Inscription au Second Cycle<\/strong><\/h3>\n\n\n\n<div class=\"wp-container-6a04b2eb9feef wp-block-buttons\">\n<div class=\"wp-block-button is-style-fill\"><a class=\"wp-block-button__link\">S&rsquo;inscrire<\/a><\/div>\n<\/div>\n\n\n\n<h3 class=\"has-text-align-center has-white-color has-text-color has-background\" style=\"background-color:#177bb5;font-size:24px;line-height:1.3\"><strong>Liste des Candidats Admis au Concours d&rsquo;Acc\u00e8s  au Second Cycle sur titre <\/strong><\/h3>\n\n\n\n<div class=\"wp-container-6a04b2eba029a wp-block-buttons\">\n<div class=\"wp-block-button\"><a class=\"wp-block-button__link\" href=\"https:\/\/inptic.edu.dz\/wp-content\/uploads\/2025\/06\/liste-des-candidats-admis-au-concours-1.pdf\">PDF<\/a><\/div>\n<\/div>\n\n\n\n<h1 class=\"has-text-align-center has-white-color has-text-color has-background\" style=\"background-color:#177bb5;font-size:24px;line-height:1.3\"><strong>Liste des Candidats Admis au Concours d&rsquo;Acc\u00e8s  au Second Cycle sur Epreuve Ecrite<\/strong><\/h1>\n\n\n\n<div class=\"wp-container-6a04b2eba05ec wp-block-buttons\">\n<div class=\"wp-block-button\"><a class=\"wp-block-button__link\" href=\"https:\/\/inptic.edu.dz\/wp-content\/uploads\/2025\/06\/liste-des-candidats-inscrits-au-concours-2.pdf\">PDF<\/a><\/div>\n<\/div>\n<\/div>\n<\/div>\n\n\n\n<p><\/p>\n","protected":false},"excerpt":{"rendered":"<p>Plateforme des inscriptions au concours d&rsquo;acc\u00e8s au second cycle P\u00e9riode des inscriptions du : 01-06-2025 au 23-06-2025 Guide de Proc\u00e9dures Note d&rsquo;Information Liste des candidats&hellip;<\/p>\n","protected":false},"author":1,"featured_media":0,"parent":0,"menu_order":0,"comment_status":"closed","ping_status":"closed","template":"","meta":[],"_links":{"self":[{"href":"https:\/\/inptic.edu.dz\/index.php?rest_route=\/wp\/v2\/pages\/2080"}],"collection":[{"href":"https:\/\/inptic.edu.dz\/index.php?rest_route=\/wp\/v2\/pages"}],"about":[{"href":"https:\/\/inptic.edu.dz\/index.php?rest_route=\/wp\/v2\/types\/page"}],"author":[{"embeddable":true,"href":"https:\/\/inptic.edu.dz\/index.php?rest_route=\/wp\/v2\/users\/1"}],"replies":[{"embeddable":true,"href":"https:\/\/inptic.edu.dz\/index.php?rest_route=%2Fwp%2Fv2%2Fcomments&post=2080"}],"version-history":[{"count":29,"href":"https:\/\/inptic.edu.dz\/index.php?rest_route=\/wp\/v2\/pages\/2080\/revisions"}],"predecessor-version":[{"id":2178,"href":"https:\/\/inptic.edu.dz\/index.php?rest_route=\/wp\/v2\/pages\/2080\/revisions\/2178"}],"wp:attachment":[{"href":"https:\/\/inptic.edu.dz\/index.php?rest_route=%2Fwp%2Fv2%2Fmedia&parent=2080"}],"curies":[{"name":"wp","href":"https:\/\/api.w.org\/{rel}","templated":true}]}}