{"id":212,"date":"2022-04-27T09:33:35","date_gmt":"2022-04-27T08:33:35","guid":{"rendered":"https:\/\/inptic.edu.dz\/?page_id=212"},"modified":"2022-12-19T09:44:52","modified_gmt":"2022-12-19T08:44:52","slug":"club-scientifique","status":"publish","type":"page","link":"https:\/\/inptic.edu.dz\/?page_id=212","title":{"rendered":"Club scientifique"},"content":{"rendered":"\n<h2>CSi &#8211; ENSTICP: Club scientifique ENSTICP<\/h2>\n\n\n\n<div class=\"wp-block-columns\">\n<div class=\"wp-block-column\">\n<h3 class=\"has-black-color has-text-color\"><mark style=\"background-color:rgba(0, 0, 0, 0)\" class=\"has-inline-color has-black-color\"><strong>Qui sommes-nous?<\/strong><\/mark><\/h3>\n\n\n\n<p class=\"has-black-color has-text-color\">Le Club Scientifique de l&rsquo;Ecole Nationale Sup\u00e9rieur des Technologies de l&rsquo;Information et de la Communication et de la poste(CSi) est un club \u00e0 but non lucratif et apolitique, situ\u00e9 au c\u0153ur de la sc\u00e8ne des TIC, a \u00e9t\u00e9 cr\u00e9\u00e9 en 2009, par les \u00e9tudiants et pour les \u00e9tudiants, afin de promouvoir l&rsquo;esprit de collaboration et le travail de groupe aupr\u00e8s des \u00e9tudiants interne et externes \u00e0 l&rsquo;INPTIC, et de faire connaitre les technologies de l&rsquo;information et de la communication.<\/p>\n\n\n\n<p><\/p>\n\n\n\n<h4 class=\"has-black-color has-text-color\"><strong><mark style=\"background-color:rgba(0, 0, 0, 0)\" class=\"has-inline-color has-black-color\">Objectifs du CSI!<\/mark><\/strong>Pour concr\u00e9tiser cet \u00e9tat d&rsquo;esprit, le CSI s&rsquo;est fix\u00e9 les objectifs suivants:<\/h4>\n\n\n\n<ul class=\"has-black-color has-text-color\"><li>R\u00e9alisation de projets collaboratifs entre \u00e9tudiants<\/li><\/ul>\n<\/div>\n\n\n\n<div class=\"wp-block-column\">\n<figure class=\"wp-block-image size-full\"><img src=\"https:\/\/inptic.edu.dz\/wp-content\/uploads\/2022\/04\/cropped-logoENSTICP.png\" alt=\"\" class=\"wp-image-14\"\/><\/figure>\n\n\n\n<figure class=\"wp-block-image size-full\"><img loading=\"lazy\" width=\"644\" height=\"416\" src=\"https:\/\/inptic.edu.dz\/wp-content\/uploads\/2022\/04\/logo-2.png\" alt=\"\" class=\"wp-image-213\" srcset=\"https:\/\/inptic.edu.dz\/wp-content\/uploads\/2022\/04\/logo-2.png 644w, https:\/\/inptic.edu.dz\/wp-content\/uploads\/2022\/04\/logo-2-300x194.png 300w\" sizes=\"(max-width: 644px) 100vw, 644px\" \/><\/figure>\n<\/div>\n<\/div>\n\n\n\n<ul class=\"has-black-color has-text-color\"><li>Organisation, participation \u00e0 des colloques, conf\u00e9rences, s\u00e9minaire, \u00e9v\u00e9nements des TIC<\/li><li>Accompagnement des nouveaux \u00e9tudiants dans leur nouvelle vie estudiantine(tutorat)<\/li><li>Entretient des liens de coop\u00e9ration et de partenariats avec les autres clubs<\/li><li>Partage des connaissances et contribution au d\u00e9veloppement de l&rsquo;institut \u00e0 travers des rencontres avec des gens de domaines<\/li><\/ul>\n","protected":false},"excerpt":{"rendered":"<p>CSi &#8211; ENSTICP: Club scientifique ENSTICP Qui sommes-nous? Le Club Scientifique de l&rsquo;Ecole Nationale Sup\u00e9rieur des Technologies de l&rsquo;Information et de la Communication et de&hellip;<\/p>\n","protected":false},"author":1,"featured_media":0,"parent":0,"menu_order":0,"comment_status":"closed","ping_status":"closed","template":"","meta":[],"_links":{"self":[{"href":"https:\/\/inptic.edu.dz\/index.php?rest_route=\/wp\/v2\/pages\/212"}],"collection":[{"href":"https:\/\/inptic.edu.dz\/index.php?rest_route=\/wp\/v2\/pages"}],"about":[{"href":"https:\/\/inptic.edu.dz\/index.php?rest_route=\/wp\/v2\/types\/page"}],"author":[{"embeddable":true,"href":"https:\/\/inptic.edu.dz\/index.php?rest_route=\/wp\/v2\/users\/1"}],"replies":[{"embeddable":true,"href":"https:\/\/inptic.edu.dz\/index.php?rest_route=%2Fwp%2Fv2%2Fcomments&post=212"}],"version-history":[{"count":3,"href":"https:\/\/inptic.edu.dz\/index.php?rest_route=\/wp\/v2\/pages\/212\/revisions"}],"predecessor-version":[{"id":2190,"href":"https:\/\/inptic.edu.dz\/index.php?rest_route=\/wp\/v2\/pages\/212\/revisions\/2190"}],"wp:attachment":[{"href":"https:\/\/inptic.edu.dz\/index.php?rest_route=%2Fwp%2Fv2%2Fmedia&parent=212"}],"curies":[{"name":"wp","href":"https:\/\/api.w.org\/{rel}","templated":true}]}}