{"id":345,"date":"2022-05-17T10:37:05","date_gmt":"2022-05-17T09:37:05","guid":{"rendered":"https:\/\/inptic.edu.dz\/?page_id=345"},"modified":"2022-12-19T09:49:03","modified_gmt":"2022-12-19T08:49:03","slug":"nos-partenaires","status":"publish","type":"page","link":"https:\/\/inptic.edu.dz\/?page_id=345","title":{"rendered":"Nos Partenaires"},"content":{"rendered":"\n<p><\/p>\n\n\n\n<h2><strong>Partenaires Acad\u00e9mique<\/strong><\/h2>\n\n\n\n<div class=\"wp-block-media-text alignwide is-stacked-on-mobile\" style=\"grid-template-columns:24% auto\"><figure class=\"wp-block-media-text__media\"><img loading=\"lazy\" width=\"197\" height=\"89\" src=\"https:\/\/inptic.edu.dz\/wp-content\/uploads\/2022\/05\/logo_intic.jpg\" alt=\"\" class=\"wp-image-353 size-full\"\/><\/figure><div class=\"wp-block-media-text__content\">\n<p style=\"font-size:18px\">Le pr\u00e9sent partenariat entre l\u2019ENSTICP et l\u2019ENSTTIC (Oran) a pour but<\/p>\n\n\n\n<ul style=\"font-size:18px\"><li>Mutualisation des comp\u00e9tences et de la ressource humaine dans le cadre de la formation initiale (universitaire) et continue<\/li><li>Organisation et\/ou participation \u00e0 des \u00e9v\u00e8nements scientifiques organis\u00e9s par l\u2019une ou l\u2019autre des parties<\/li><li>Consolider et diversifier la collaboration entre les deux instituts sur tous projet pouvant se r\u00e9v\u00e9ler d\u2019int\u00e9r\u00eat commun dans le domaine de l\u2019enseignement et de la recherche scientifique<\/li><\/ul>\n<\/div><\/div>\n\n\n\n<h2><strong>Partenaires Professionnels<\/strong><\/h2>\n\n\n\n<div class=\"wp-block-media-text alignwide has-media-on-the-right is-stacked-on-mobile\" style=\"grid-template-columns:auto 29%\"><figure class=\"wp-block-media-text__media\"><img loading=\"lazy\" width=\"300\" height=\"169\" src=\"https:\/\/inptic.edu.dz\/wp-content\/uploads\/2022\/05\/Huawei-Logo-2006-300x169-1.png\" alt=\"\" class=\"wp-image-358 size-full\"\/><\/figure><div class=\"wp-block-media-text__content\">\n<h3>Huawei<\/h3>\n\n\n\n<p style=\"font-size:18px\">Le pr\u00e9sent partenariat entre l\u2019ENSTICP et Huawei \u00e0 pour but: <\/p>\n\n\n\n<ul style=\"font-size:18px\"><li>La formation et certification des \u00e9tudiants (<em>Huawei Certification Network Academy)&nbsp;;<\/em><\/li><li>La formation d\u2019instructeurs HCAI (<em>Huawei Certification Academy Instructors<\/em>)<\/li><li>Participation des \u00e9tudiants aux comp\u00e9titions organis\u00e9es par Huawei<\/li><li>Organisation de stages pour les \u00e9tudiants au sein de Huawei ou de ses entreprises partenaires.<\/li><\/ul>\n<\/div><\/div>\n\n\n\n<div class=\"wp-block-media-text alignwide has-media-on-the-right is-stacked-on-mobile\" style=\"grid-template-columns:auto 24%\"><figure class=\"wp-block-media-text__media\"><img loading=\"lazy\" width=\"151\" height=\"80\" src=\"https:\/\/inptic.edu.dz\/wp-content\/uploads\/2022\/05\/cisco-logo.png\" alt=\"\" class=\"wp-image-372 size-full\"\/><\/figure><div class=\"wp-block-media-text__content\">\n<h3>CISCO<\/h3>\n\n\n\n<p style=\"font-size:18px\">Le pr\u00e9sent partenariat entre l\u2019ENSTICP et CISCO a pour objet :<\/p>\n\n\n\n<ul style=\"font-size:18px\"><li>Suivi des activit\u00e9s du Centre de formation d\u2019instructeur ITC (ENSTICP)<\/li><li>Formation et certification des enseignants de l\u2019ENSTICP<\/li><li>Formation et certification des enseignants et personnel de l\u2019ENSTICP<\/li><li>Organisation de sessions de formation au profit des organismes partenaires<\/li><\/ul>\n<\/div><\/div>\n\n\n\n<div class=\"wp-block-media-text alignwide has-media-on-the-right is-stacked-on-mobile\" style=\"grid-template-columns:auto 23%\"><figure class=\"wp-block-media-text__media\"><img loading=\"lazy\" width=\"233\" height=\"176\" src=\"https:\/\/inptic.edu.dz\/wp-content\/uploads\/2022\/05\/NIA_en_sangha_A.jpg\" alt=\"\" class=\"wp-image-373 size-full\"\/><\/figure><div class=\"wp-block-media-text__content\">\n<h3>NIA<\/h3>\n\n\n\n<p style=\"font-size:18px\">National Information Society Agency of R\u00e9publique of KOREA<\/p>\n\n\n\n<p style=\"font-size:18px\">Le pr\u00e9sent partenariat entre l\u2019ENSTICP et Agence Nationale de la Soci\u00e9t\u00e9 de l\u2019Information Cor\u00e9enne \u00e0 pour objet :<\/p>\n\n\n\n<ul style=\"font-size:18px\"><li>Mise en place et maintenance du Centre d\u2019Acc\u00e8s \u00e0 l\u2019Information (IAC)<\/li><li>Soutien du d\u00e9veloppement des TIC en milieu estudiantin ;<\/li><li>Organisation de rencontres et s\u00e9minaires sur les nouvelles technologies ;<\/li><\/ul>\n<\/div><\/div>\n\n\n\n<div class=\"wp-block-media-text alignwide has-media-on-the-right is-stacked-on-mobile\" style=\"grid-template-columns:auto 25%\"><figure class=\"wp-block-media-text__media\"><img loading=\"lazy\" width=\"800\" height=\"800\" src=\"https:\/\/inptic.edu.dz\/wp-content\/uploads\/2022\/05\/ericsson-logo-png-6-1.png\" alt=\"\" class=\"wp-image-375 size-full\" srcset=\"https:\/\/inptic.edu.dz\/wp-content\/uploads\/2022\/05\/ericsson-logo-png-6-1.png 800w, https:\/\/inptic.edu.dz\/wp-content\/uploads\/2022\/05\/ericsson-logo-png-6-1-300x300.png 300w, https:\/\/inptic.edu.dz\/wp-content\/uploads\/2022\/05\/ericsson-logo-png-6-1-150x150.png 150w, https:\/\/inptic.edu.dz\/wp-content\/uploads\/2022\/05\/ericsson-logo-png-6-1-768x768.png 768w\" sizes=\"(max-width: 800px) 100vw, 800px\" \/><\/figure><div class=\"wp-block-media-text__content\">\n<h3>Ericsson<\/h3>\n\n\n\n<p style=\"font-size:18px\">La coop\u00e9ration entre l\u2019ENSTICP et Ericsson englobe :<\/p>\n\n\n\n<p style=\"font-size:18px\">\u2022 Installation d\u2019une maquette didactique 4G au niveau d\u2019un laboratoire \u00e0 l\u2019ENSTICP<br>\u2022 Formation des enseignants et des \u00e9tudiants de l\u2019\u00e9tablissement<\/p>\n<\/div><\/div>\n\n\n\n<div class=\"wp-block-media-text alignwide has-media-on-the-right is-stacked-on-mobile\" style=\"grid-template-columns:auto 30%\"><figure class=\"wp-block-media-text__media\"><img loading=\"lazy\" width=\"300\" height=\"300\" src=\"https:\/\/inptic.edu.dz\/wp-content\/uploads\/2022\/05\/mobilis.png\" alt=\"\" class=\"wp-image-377 size-full\" srcset=\"https:\/\/inptic.edu.dz\/wp-content\/uploads\/2022\/05\/mobilis.png 300w, https:\/\/inptic.edu.dz\/wp-content\/uploads\/2022\/05\/mobilis-150x150.png 150w\" sizes=\"(max-width: 300px) 100vw, 300px\" \/><\/figure><div class=\"wp-block-media-text__content\">\n<h3>ATM Mobilis<\/h3>\n\n\n\n<p style=\"font-size:18px\">Le partenariat entre l\u2019ENSTICP et ATM Mobilis englobe :<\/p>\n\n\n\n<p style=\"font-size:18px\">Encadrement des stages pratiques et d\u2019impr\u00e9gnation ;<br>\u2022 Accueil des \u00e9tudiants pour des visites techniques ;<br>\u2022 Encadrement des stages des Projets de Fin d\u2019Etudes (PFE)<br>\u2022 Formation et perfectionnement des employ\u00e9s<br>\u2022 Formation des formateurs<br>\u2022 Formations techniques des enseignants et \u00e9tudiants sur les maquettes didactiques (acad\u00e9mie Mobilis situ\u00e9e \u00e0 l\u2019ENSTICP)<\/p>\n<\/div><\/div>\n\n\n\n<div class=\"wp-block-media-text alignwide has-media-on-the-right is-stacked-on-mobile\" style=\"grid-template-columns:auto 34%\"><figure class=\"wp-block-media-text__media\"><img loading=\"lazy\" width=\"324\" height=\"156\" src=\"https:\/\/inptic.edu.dz\/wp-content\/uploads\/2022\/05\/telechargement-3.jpg\" alt=\"\" class=\"wp-image-378 size-full\" srcset=\"https:\/\/inptic.edu.dz\/wp-content\/uploads\/2022\/05\/telechargement-3.jpg 324w, https:\/\/inptic.edu.dz\/wp-content\/uploads\/2022\/05\/telechargement-3-300x144.jpg 300w\" sizes=\"(max-width: 324px) 100vw, 324px\" \/><\/figure><div class=\"wp-block-media-text__content\">\n<h3>ALGERIE TELECOM<\/h3>\n\n\n\n<p style=\"font-size:18px\">Le partenariat entre l\u2019ENSTICP et AT cible :<\/p>\n\n\n\n<p style=\"font-size:18px\">\u2022 Encadrement des stages pratiques et d\u2019impr\u00e9gnation des \u00e9tudiants<br>\u2022 Accueil des \u00e9tudiants et stagiaires pour des visites techniques<br>\u2022 Encadrement des stages des Projets de Fin d\u2019Etudes (PFE)<br>\u2022 Formation et perfectionnement des employ\u00e9s<br>\u2022 Formation des formateurs<\/p>\n<\/div><\/div>\n\n\n\n<div class=\"wp-block-media-text alignwide has-media-on-the-right is-stacked-on-mobile\" style=\"grid-template-columns:auto 27%\"><figure class=\"wp-block-media-text__media\"><img loading=\"lazy\" width=\"461\" height=\"109\" src=\"https:\/\/inptic.edu.dz\/wp-content\/uploads\/2022\/05\/anpt.png\" alt=\"\" class=\"wp-image-380 size-full\" srcset=\"https:\/\/inptic.edu.dz\/wp-content\/uploads\/2022\/05\/anpt.png 461w, https:\/\/inptic.edu.dz\/wp-content\/uploads\/2022\/05\/anpt-300x71.png 300w\" sizes=\"(max-width: 461px) 100vw, 461px\" \/><\/figure><div class=\"wp-block-media-text__content\">\n<h3>NATP<\/h3>\n\n\n\n<p style=\"font-size:18px\">Agence Nationale de Promotion et de D\u00e9veloppement des Parcs Technologiques<\/p>\n\n\n\n<p style=\"font-size:18px\">Dans le cadre de la convention entre l\u2019ENSTICP et l\u2019ANPT, il est convenu :\u00a0<\/p>\n\n\n\n<p style=\"font-size:18px\">\u2022 La sensibilisation \u00e0 l\u2019entrepreneuriat au profit des \u00e9tudiants<br>\u2022 L\u2019\u00e9change d\u2019expertise entre les deux institutions<br>\u2022 La participation des enseignants et \u00e9tudiants aux s\u00e9minaires et conf\u00e9rences sur les th\u00e8mes d\u2019int\u00e9r\u00eat ;<br>\u2022 La proposition de sujets de projets de fin d\u2019\u00e9tudes relevant de la graduation;<br>\u2022 Accueil des \u00e9tudiants et \u00e9quipes de formation de l\u2019ENSTICP, dans le cadre de l\u2019organisation<\/p>\n<\/div><\/div>\n","protected":false},"excerpt":{"rendered":"<p>Partenaires Acad\u00e9mique Le pr\u00e9sent partenariat entre l\u2019ENSTICP et l\u2019ENSTTIC (Oran) a pour but Mutualisation des comp\u00e9tences et de la ressource humaine dans le cadre de&hellip;<\/p>\n","protected":false},"author":1,"featured_media":0,"parent":0,"menu_order":0,"comment_status":"closed","ping_status":"closed","template":"","meta":[],"_links":{"self":[{"href":"https:\/\/inptic.edu.dz\/index.php?rest_route=\/wp\/v2\/pages\/345"}],"collection":[{"href":"https:\/\/inptic.edu.dz\/index.php?rest_route=\/wp\/v2\/pages"}],"about":[{"href":"https:\/\/inptic.edu.dz\/index.php?rest_route=\/wp\/v2\/types\/page"}],"author":[{"embeddable":true,"href":"https:\/\/inptic.edu.dz\/index.php?rest_route=\/wp\/v2\/users\/1"}],"replies":[{"embeddable":true,"href":"https:\/\/inptic.edu.dz\/index.php?rest_route=%2Fwp%2Fv2%2Fcomments&post=345"}],"version-history":[{"count":11,"href":"https:\/\/inptic.edu.dz\/index.php?rest_route=\/wp\/v2\/pages\/345\/revisions"}],"predecessor-version":[{"id":886,"href":"https:\/\/inptic.edu.dz\/index.php?rest_route=\/wp\/v2\/pages\/345\/revisions\/886"}],"wp:attachment":[{"href":"https:\/\/inptic.edu.dz\/index.php?rest_route=%2Fwp%2Fv2%2Fmedia&parent=345"}],"curies":[{"name":"wp","href":"https:\/\/api.w.org\/{rel}","templated":true}]}}